{"id":492,"date":"2008-12-29T17:36:12","date_gmt":"2008-12-29T20:36:12","guid":{"rendered":"http:\/\/www.quintavision.cl\/portal\/?page_id=492"},"modified":"2024-10-24T18:09:24","modified_gmt":"2024-10-24T21:09:24","slug":"comercial","status":"publish","type":"page","link":"https:\/\/www.quintavision.cl\/portal\/comercial\/","title":{"rendered":"Comercial"},"content":{"rendered":"<p style=\"text-align: center;\"><span style=\"color: #3366ff;\"><strong><img decoding=\"async\" class=\"aligncenter size-full wp-image-10972\" title=\"logo1\" src=\"http:\/\/www.quintavision.cl\/portal\/wp-content\/uploads\/2018\/07\/logo1.jpg\" alt=\"\" width=\"368\" height=\"100\" \/><\/strong><\/span><\/p>\n<p style=\"text-align: center;\"><strong>Publicite en Quinta Visi\u00f3n<\/strong><\/p>\n<p><strong>Datos de contacto<\/strong><\/p>\n<p><strong>Fonos Canal: <\/strong>(032) 2693057 \/ (032) 2693058 \/ (032) 2972991<\/p>\n","protected":false},"excerpt":{"rendered":"<p>Publicite en Quinta Visi\u00f3n Datos de contacto Fonos Canal: (032) 2693057 \/ (032) 2693058 \/ (032) 2972991<\/p>\n","protected":false},"author":2,"featured_media":0,"parent":0,"menu_order":6,"comment_status":"closed","ping_status":"open","template":"","meta":{"footnotes":""},"class_list":["post-492","page","type-page","status-publish","hentry"],"yoast_head":"<!-- This site is optimized with the Yoast SEO plugin v27.5 - https:\/\/yoast.com\/product\/yoast-seo-wordpress\/ -->\n<title>Comercial - Quinta Visi\u00f3n Televisi\u00f3n<\/title>\n<meta name=\"robots\" content=\"index, follow, max-snippet:-1, max-image-preview:large, max-video-preview:-1\" \/>\n<link rel=\"canonical\" href=\"https:\/\/www.quintavision.cl\/portal\/comercial\/\" \/>\n<meta property=\"og:locale\" content=\"es_ES\" \/>\n<meta property=\"og:type\" content=\"article\" \/>\n<meta property=\"og:title\" content=\"Comercial - Quinta Visi\u00f3n Televisi\u00f3n\" \/>\n<meta property=\"og:description\" content=\"Publicite en Quinta Visi\u00f3n Datos de contacto Fonos Canal: (032) 2693057 \/ (032) 2693058 \/ (032) 2972991\" \/>\n<meta property=\"og:url\" content=\"https:\/\/www.quintavision.cl\/portal\/comercial\/\" \/>\n<meta property=\"og:site_name\" content=\"Quinta Visi\u00f3n Televisi\u00f3n\" \/>\n<meta property=\"article:publisher\" content=\"https:\/\/www.facebook.com\/quintavision.television\" \/>\n<meta property=\"article:modified_time\" content=\"2024-10-24T21:09:24+00:00\" \/>\n<meta property=\"og:image\" content=\"http:\/\/www.quintavision.cl\/portal\/wp-content\/uploads\/2018\/07\/logo1.jpg\" \/>\n<meta name=\"twitter:card\" content=\"summary_large_image\" \/>\n<meta name=\"twitter:site\" content=\"@quintavision\" \/>\n<meta name=\"twitter:label1\" content=\"Tiempo de lectura\" \/>\n\t<meta name=\"twitter:data1\" content=\"1 minuto\" \/>\n<script type=\"application\/ld+json\" class=\"yoast-schema-graph\">{\"@context\":\"https:\\\/\\\/schema.org\",\"@graph\":[{\"@type\":\"WebPage\",\"@id\":\"https:\\\/\\\/www.quintavision.cl\\\/portal\\\/comercial\\\/\",\"url\":\"https:\\\/\\\/www.quintavision.cl\\\/portal\\\/comercial\\\/\",\"name\":\"Comercial - Quinta Visi\u00f3n Televisi\u00f3n\",\"isPartOf\":{\"@id\":\"https:\\\/\\\/www.quintavision.cl\\\/portal\\\/#website\"},\"primaryImageOfPage\":{\"@id\":\"https:\\\/\\\/www.quintavision.cl\\\/portal\\\/comercial\\\/#primaryimage\"},\"image\":{\"@id\":\"https:\\\/\\\/www.quintavision.cl\\\/portal\\\/comercial\\\/#primaryimage\"},\"thumbnailUrl\":\"http:\\\/\\\/www.quintavision.cl\\\/portal\\\/wp-content\\\/uploads\\\/2018\\\/07\\\/logo1.jpg\",\"datePublished\":\"2008-12-29T20:36:12+00:00\",\"dateModified\":\"2024-10-24T21:09:24+00:00\",\"breadcrumb\":{\"@id\":\"https:\\\/\\\/www.quintavision.cl\\\/portal\\\/comercial\\\/#breadcrumb\"},\"inLanguage\":\"es\",\"potentialAction\":[{\"@type\":\"ReadAction\",\"target\":[\"https:\\\/\\\/www.quintavision.cl\\\/portal\\\/comercial\\\/\"]}]},{\"@type\":\"ImageObject\",\"inLanguage\":\"es\",\"@id\":\"https:\\\/\\\/www.quintavision.cl\\\/portal\\\/comercial\\\/#primaryimage\",\"url\":\"https:\\\/\\\/www.quintavision.cl\\\/portal\\\/wp-content\\\/uploads\\\/2010\\\/01\\\/logo1.jpg\",\"contentUrl\":\"https:\\\/\\\/www.quintavision.cl\\\/portal\\\/wp-content\\\/uploads\\\/2010\\\/01\\\/logo1.jpg\",\"width\":\"368\",\"height\":\"100\"},{\"@type\":\"BreadcrumbList\",\"@id\":\"https:\\\/\\\/www.quintavision.cl\\\/portal\\\/comercial\\\/#breadcrumb\",\"itemListElement\":[{\"@type\":\"ListItem\",\"position\":1,\"name\":\"Portada\",\"item\":\"https:\\\/\\\/www.quintavision.cl\\\/portal\\\/\"},{\"@type\":\"ListItem\",\"position\":2,\"name\":\"Comercial\"}]},{\"@type\":\"WebSite\",\"@id\":\"https:\\\/\\\/www.quintavision.cl\\\/portal\\\/#website\",\"url\":\"https:\\\/\\\/www.quintavision.cl\\\/portal\\\/\",\"name\":\"Quinta Visi\u00f3n Televisi\u00f3n\",\"description\":\"Tu voz local\",\"publisher\":{\"@id\":\"https:\\\/\\\/www.quintavision.cl\\\/portal\\\/#organization\"},\"alternateName\":\"qv tv\",\"potentialAction\":[{\"@type\":\"SearchAction\",\"target\":{\"@type\":\"EntryPoint\",\"urlTemplate\":\"https:\\\/\\\/www.quintavision.cl\\\/portal\\\/?s={search_term_string}\"},\"query-input\":{\"@type\":\"PropertyValueSpecification\",\"valueRequired\":true,\"valueName\":\"search_term_string\"}}],\"inLanguage\":\"es\"},{\"@type\":\"Organization\",\"@id\":\"https:\\\/\\\/www.quintavision.cl\\\/portal\\\/#organization\",\"name\":\"Quinta Visi\u00f3n Televisi\u00f3n\",\"url\":\"https:\\\/\\\/www.quintavision.cl\\\/portal\\\/\",\"logo\":{\"@type\":\"ImageObject\",\"inLanguage\":\"es\",\"@id\":\"https:\\\/\\\/www.quintavision.cl\\\/portal\\\/#\\\/schema\\\/logo\\\/image\\\/\",\"url\":\"https:\\\/\\\/www.quintavision.cl\\\/portal\\\/wp-content\\\/uploads\\\/2026\\\/01\\\/logon.png\",\"contentUrl\":\"https:\\\/\\\/www.quintavision.cl\\\/portal\\\/wp-content\\\/uploads\\\/2026\\\/01\\\/logon.png\",\"width\":786,\"height\":303,\"caption\":\"Quinta Visi\u00f3n Televisi\u00f3n\"},\"image\":{\"@id\":\"https:\\\/\\\/www.quintavision.cl\\\/portal\\\/#\\\/schema\\\/logo\\\/image\\\/\"},\"sameAs\":[\"https:\\\/\\\/www.facebook.com\\\/quintavision.television\",\"https:\\\/\\\/x.com\\\/quintavision\",\"https:\\\/\\\/www.instagram.com\\\/quintavisiontv\\\/\"]}]}<\/script>\n<!-- \/ Yoast SEO plugin. -->","yoast_head_json":{"title":"Comercial - Quinta Visi\u00f3n Televisi\u00f3n","robots":{"index":"index","follow":"follow","max-snippet":"max-snippet:-1","max-image-preview":"max-image-preview:large","max-video-preview":"max-video-preview:-1"},"canonical":"https:\/\/www.quintavision.cl\/portal\/comercial\/","og_locale":"es_ES","og_type":"article","og_title":"Comercial - Quinta Visi\u00f3n Televisi\u00f3n","og_description":"Publicite en Quinta Visi\u00f3n Datos de contacto Fonos Canal: (032) 2693057 \/ (032) 2693058 \/ (032) 2972991","og_url":"https:\/\/www.quintavision.cl\/portal\/comercial\/","og_site_name":"Quinta Visi\u00f3n Televisi\u00f3n","article_publisher":"https:\/\/www.facebook.com\/quintavision.television","article_modified_time":"2024-10-24T21:09:24+00:00","og_image":[{"url":"http:\/\/www.quintavision.cl\/portal\/wp-content\/uploads\/2018\/07\/logo1.jpg","type":"","width":"","height":""}],"twitter_card":"summary_large_image","twitter_site":"@quintavision","twitter_misc":{"Tiempo de lectura":"1 minuto"},"schema":{"@context":"https:\/\/schema.org","@graph":[{"@type":"WebPage","@id":"https:\/\/www.quintavision.cl\/portal\/comercial\/","url":"https:\/\/www.quintavision.cl\/portal\/comercial\/","name":"Comercial - Quinta Visi\u00f3n Televisi\u00f3n","isPartOf":{"@id":"https:\/\/www.quintavision.cl\/portal\/#website"},"primaryImageOfPage":{"@id":"https:\/\/www.quintavision.cl\/portal\/comercial\/#primaryimage"},"image":{"@id":"https:\/\/www.quintavision.cl\/portal\/comercial\/#primaryimage"},"thumbnailUrl":"http:\/\/www.quintavision.cl\/portal\/wp-content\/uploads\/2018\/07\/logo1.jpg","datePublished":"2008-12-29T20:36:12+00:00","dateModified":"2024-10-24T21:09:24+00:00","breadcrumb":{"@id":"https:\/\/www.quintavision.cl\/portal\/comercial\/#breadcrumb"},"inLanguage":"es","potentialAction":[{"@type":"ReadAction","target":["https:\/\/www.quintavision.cl\/portal\/comercial\/"]}]},{"@type":"ImageObject","inLanguage":"es","@id":"https:\/\/www.quintavision.cl\/portal\/comercial\/#primaryimage","url":"https:\/\/www.quintavision.cl\/portal\/wp-content\/uploads\/2010\/01\/logo1.jpg","contentUrl":"https:\/\/www.quintavision.cl\/portal\/wp-content\/uploads\/2010\/01\/logo1.jpg","width":"368","height":"100"},{"@type":"BreadcrumbList","@id":"https:\/\/www.quintavision.cl\/portal\/comercial\/#breadcrumb","itemListElement":[{"@type":"ListItem","position":1,"name":"Portada","item":"https:\/\/www.quintavision.cl\/portal\/"},{"@type":"ListItem","position":2,"name":"Comercial"}]},{"@type":"WebSite","@id":"https:\/\/www.quintavision.cl\/portal\/#website","url":"https:\/\/www.quintavision.cl\/portal\/","name":"Quinta Visi\u00f3n Televisi\u00f3n","description":"Tu voz local","publisher":{"@id":"https:\/\/www.quintavision.cl\/portal\/#organization"},"alternateName":"qv tv","potentialAction":[{"@type":"SearchAction","target":{"@type":"EntryPoint","urlTemplate":"https:\/\/www.quintavision.cl\/portal\/?s={search_term_string}"},"query-input":{"@type":"PropertyValueSpecification","valueRequired":true,"valueName":"search_term_string"}}],"inLanguage":"es"},{"@type":"Organization","@id":"https:\/\/www.quintavision.cl\/portal\/#organization","name":"Quinta Visi\u00f3n Televisi\u00f3n","url":"https:\/\/www.quintavision.cl\/portal\/","logo":{"@type":"ImageObject","inLanguage":"es","@id":"https:\/\/www.quintavision.cl\/portal\/#\/schema\/logo\/image\/","url":"https:\/\/www.quintavision.cl\/portal\/wp-content\/uploads\/2026\/01\/logon.png","contentUrl":"https:\/\/www.quintavision.cl\/portal\/wp-content\/uploads\/2026\/01\/logon.png","width":786,"height":303,"caption":"Quinta Visi\u00f3n Televisi\u00f3n"},"image":{"@id":"https:\/\/www.quintavision.cl\/portal\/#\/schema\/logo\/image\/"},"sameAs":["https:\/\/www.facebook.com\/quintavision.television","https:\/\/x.com\/quintavision","https:\/\/www.instagram.com\/quintavisiontv\/"]}]}},"_links":{"self":[{"href":"https:\/\/www.quintavision.cl\/portal\/wp-json\/wp\/v2\/pages\/492","targetHints":{"allow":["GET"]}}],"collection":[{"href":"https:\/\/www.quintavision.cl\/portal\/wp-json\/wp\/v2\/pages"}],"about":[{"href":"https:\/\/www.quintavision.cl\/portal\/wp-json\/wp\/v2\/types\/page"}],"author":[{"embeddable":true,"href":"https:\/\/www.quintavision.cl\/portal\/wp-json\/wp\/v2\/users\/2"}],"replies":[{"embeddable":true,"href":"https:\/\/www.quintavision.cl\/portal\/wp-json\/wp\/v2\/comments?post=492"}],"version-history":[{"count":0,"href":"https:\/\/www.quintavision.cl\/portal\/wp-json\/wp\/v2\/pages\/492\/revisions"}],"wp:attachment":[{"href":"https:\/\/www.quintavision.cl\/portal\/wp-json\/wp\/v2\/media?parent=492"}],"curies":[{"name":"wp","href":"https:\/\/api.w.org\/{rel}","templated":true}]}}