{"id":38025,"date":"2013-02-13T18:48:30","date_gmt":"2013-02-13T21:48:30","guid":{"rendered":"http:\/\/www.quintavision.cl\/portal\/?page_id=38025"},"modified":"2019-03-04T19:37:49","modified_gmt":"2019-03-04T22:37:49","slug":"servicios-publicos","status":"publish","type":"page","link":"https:\/\/www.quintavision.cl\/portal\/infoweb\/servicios-publicos\/","title":{"rendered":"Servicios P\u00fablicos"},"content":{"rendered":"<p><img decoding=\"async\" class=\"aligncenter size-full wp-image-38026\" alt=\"servicios\" src=\"http:\/\/www.quintavision.cl\/portal\/wp-content\/uploads\/2013\/02\/servicios1.jpg\" width=\"630\" height=\"75\" srcset=\"https:\/\/www.quintavision.cl\/portal\/wp-content\/uploads\/2013\/02\/servicios1.jpg 630w, https:\/\/www.quintavision.cl\/portal\/wp-content\/uploads\/2013\/02\/servicios1-300x35.jpg 300w\" sizes=\"(max-width: 630px) 100vw, 630px\" \/><\/p>\n<p><a href=\"http:\/\/www.gorevalparaiso.cl\/\" target=\"_blank\" rel=\"noopener noreferrer\">Gobierno Regional<\/a><br \/>\n<a href=\"http:\/\/www.registrocivil.cl\/\" target=\"_blank\" rel=\"noopener noreferrer\">Registro Civil<\/a><br \/>\n<a href=\"http:\/\/www.cbrvalpo.cl\/\" target=\"_blank\" rel=\"noopener noreferrer\">Conservador Bienes Ra\u00edces Valpara\u00edso<\/a><br \/>\n<a href=\"http:\/\/www.cbrvina.cl\/\" target=\"_blank\" rel=\"noopener noreferrer\">Conservador Bienes Ra\u00edces Vi\u00f1a del Mar<\/a><br \/>\n<a href=\"http:\/\/www.serviuvalpo.cl\/\" target=\"_blank\" rel=\"noopener noreferrer\">Serviu<\/a><br \/>\n<a href=\"http:\/\/www.minvu.cl\/\" target=\"_blank\" rel=\"noopener noreferrer\">Minvu<\/a><br \/>\n<a href=\"http:\/\/www.sii.cl\/\" target=\"_blank\" rel=\"noopener noreferrer\">Servicio de Impuestos Internos<\/a><br \/>\n<a href=\"http:\/\/www.tesoreria.cl\/\" target=\"_blank\" rel=\"noopener noreferrer\">Tesorer\u00eda General de la Rep\u00fablica<\/a><br \/>\n<a href=\"http:\/\/www.sernac.cl\/\" target=\"_blank\" rel=\"noopener noreferrer\">Servicio Nacional del Consumidor<\/a><\/p>\n<section><\/section>\n<p style=\"text-align: center;\"><a href=\"http:\/\/www.quintavision.cl\/portal\/infoweb\/\"><img decoding=\"async\" class=\"aligncenter size-full wp-image-38010\" alt=\"back\" src=\"http:\/\/www.quintavision.cl\/portal\/wp-content\/uploads\/2013\/02\/back.jpg\" width=\"92\" height=\"32\" \/><\/a><\/p>\n<p style=\"text-align: center;\">INFOWEB Regional, llega a sus hogares gracias al financiamiento del fondo de medios de comunicaci\u00f3n social del Gobierno de Chile.<\/p>\n<p style=\"text-align: center;\"><a href=\"http:\/\/www.gobiernodechile.cl\/\" target=\"_blank\" rel=\"noopener noreferrer\"><img decoding=\"async\" class=\"size-full wp-image-38475 aligncenter\" alt=\"logo_min\" src=\"http:\/\/www.quintavision.cl\/portal\/wp-content\/uploads\/2013\/02\/logo_min.jpg\" width=\"163\" height=\"148\" \/><\/a><\/p>\n","protected":false},"excerpt":{"rendered":"<p>Gobierno Regional Registro Civil Conservador Bienes Ra\u00edces Valpara\u00edso Conservador Bienes Ra\u00edces Vi\u00f1a del Mar Serviu Minvu Servicio de Impuestos Internos Tesorer\u00eda General de la Rep\u00fablica Servicio Nacional del Consumidor INFOWEB Regional, llega a sus hogares gracias al financiamiento del fondo de medios de comunicaci\u00f3n social del Gobierno de Chile.<\/p>\n","protected":false},"author":2,"featured_media":0,"parent":37967,"menu_order":2,"comment_status":"closed","ping_status":"closed","template":"page-full.php","meta":{"footnotes":""},"class_list":["post-38025","page","type-page","status-publish","hentry"],"yoast_head":"<!-- This site is optimized with the Yoast SEO plugin v27.5 - https:\/\/yoast.com\/product\/yoast-seo-wordpress\/ -->\n<title>Servicios P\u00fablicos - Quinta Visi\u00f3n Televisi\u00f3n<\/title>\n<meta name=\"robots\" content=\"index, follow, max-snippet:-1, max-image-preview:large, max-video-preview:-1\" \/>\n<link rel=\"canonical\" href=\"https:\/\/www.quintavision.cl\/portal\/infoweb\/servicios-publicos\/\" \/>\n<meta property=\"og:locale\" content=\"es_ES\" \/>\n<meta property=\"og:type\" content=\"article\" \/>\n<meta property=\"og:title\" content=\"Servicios P\u00fablicos - Quinta Visi\u00f3n Televisi\u00f3n\" \/>\n<meta property=\"og:description\" content=\"Gobierno Regional Registro Civil Conservador Bienes Ra\u00edces Valpara\u00edso Conservador Bienes Ra\u00edces Vi\u00f1a del Mar Serviu Minvu Servicio de Impuestos Internos Tesorer\u00eda General de la Rep\u00fablica Servicio Nacional del Consumidor INFOWEB Regional, llega a sus hogares gracias al financiamiento del fondo de medios de comunicaci\u00f3n social del Gobierno de Chile.\" \/>\n<meta property=\"og:url\" content=\"https:\/\/www.quintavision.cl\/portal\/infoweb\/servicios-publicos\/\" \/>\n<meta property=\"og:site_name\" content=\"Quinta Visi\u00f3n Televisi\u00f3n\" \/>\n<meta property=\"article:publisher\" content=\"https:\/\/www.facebook.com\/quintavision.television\" \/>\n<meta property=\"article:modified_time\" content=\"2019-03-04T22:37:49+00:00\" \/>\n<meta property=\"og:image\" content=\"http:\/\/www.quintavision.cl\/portal\/wp-content\/uploads\/2013\/02\/servicios1.jpg\" \/>\n<meta name=\"twitter:card\" content=\"summary_large_image\" \/>\n<meta name=\"twitter:site\" content=\"@quintavision\" \/>\n<script type=\"application\/ld+json\" class=\"yoast-schema-graph\">{\"@context\":\"https:\\\/\\\/schema.org\",\"@graph\":[{\"@type\":\"WebPage\",\"@id\":\"https:\\\/\\\/www.quintavision.cl\\\/portal\\\/infoweb\\\/servicios-publicos\\\/\",\"url\":\"https:\\\/\\\/www.quintavision.cl\\\/portal\\\/infoweb\\\/servicios-publicos\\\/\",\"name\":\"Servicios P\u00fablicos - Quinta Visi\u00f3n Televisi\u00f3n\",\"isPartOf\":{\"@id\":\"https:\\\/\\\/www.quintavision.cl\\\/portal\\\/#website\"},\"primaryImageOfPage\":{\"@id\":\"https:\\\/\\\/www.quintavision.cl\\\/portal\\\/infoweb\\\/servicios-publicos\\\/#primaryimage\"},\"image\":{\"@id\":\"https:\\\/\\\/www.quintavision.cl\\\/portal\\\/infoweb\\\/servicios-publicos\\\/#primaryimage\"},\"thumbnailUrl\":\"http:\\\/\\\/www.quintavision.cl\\\/portal\\\/wp-content\\\/uploads\\\/2013\\\/02\\\/servicios1.jpg\",\"datePublished\":\"2013-02-13T21:48:30+00:00\",\"dateModified\":\"2019-03-04T22:37:49+00:00\",\"breadcrumb\":{\"@id\":\"https:\\\/\\\/www.quintavision.cl\\\/portal\\\/infoweb\\\/servicios-publicos\\\/#breadcrumb\"},\"inLanguage\":\"es\",\"potentialAction\":[{\"@type\":\"ReadAction\",\"target\":[\"https:\\\/\\\/www.quintavision.cl\\\/portal\\\/infoweb\\\/servicios-publicos\\\/\"]}]},{\"@type\":\"ImageObject\",\"inLanguage\":\"es\",\"@id\":\"https:\\\/\\\/www.quintavision.cl\\\/portal\\\/infoweb\\\/servicios-publicos\\\/#primaryimage\",\"url\":\"https:\\\/\\\/www.quintavision.cl\\\/portal\\\/wp-content\\\/uploads\\\/2013\\\/02\\\/servicios1.jpg\",\"contentUrl\":\"https:\\\/\\\/www.quintavision.cl\\\/portal\\\/wp-content\\\/uploads\\\/2013\\\/02\\\/servicios1.jpg\",\"width\":630,\"height\":75},{\"@type\":\"BreadcrumbList\",\"@id\":\"https:\\\/\\\/www.quintavision.cl\\\/portal\\\/infoweb\\\/servicios-publicos\\\/#breadcrumb\",\"itemListElement\":[{\"@type\":\"ListItem\",\"position\":1,\"name\":\"Portada\",\"item\":\"https:\\\/\\\/www.quintavision.cl\\\/portal\\\/\"},{\"@type\":\"ListItem\",\"position\":2,\"name\":\"Infoweb\",\"item\":\"https:\\\/\\\/www.quintavision.cl\\\/portal\\\/infoweb\\\/\"},{\"@type\":\"ListItem\",\"position\":3,\"name\":\"Servicios P\u00fablicos\"}]},{\"@type\":\"WebSite\",\"@id\":\"https:\\\/\\\/www.quintavision.cl\\\/portal\\\/#website\",\"url\":\"https:\\\/\\\/www.quintavision.cl\\\/portal\\\/\",\"name\":\"Quinta Visi\u00f3n Televisi\u00f3n\",\"description\":\"Tu voz local\",\"publisher\":{\"@id\":\"https:\\\/\\\/www.quintavision.cl\\\/portal\\\/#organization\"},\"alternateName\":\"qv tv\",\"potentialAction\":[{\"@type\":\"SearchAction\",\"target\":{\"@type\":\"EntryPoint\",\"urlTemplate\":\"https:\\\/\\\/www.quintavision.cl\\\/portal\\\/?s={search_term_string}\"},\"query-input\":{\"@type\":\"PropertyValueSpecification\",\"valueRequired\":true,\"valueName\":\"search_term_string\"}}],\"inLanguage\":\"es\"},{\"@type\":\"Organization\",\"@id\":\"https:\\\/\\\/www.quintavision.cl\\\/portal\\\/#organization\",\"name\":\"Quinta Visi\u00f3n Televisi\u00f3n\",\"url\":\"https:\\\/\\\/www.quintavision.cl\\\/portal\\\/\",\"logo\":{\"@type\":\"ImageObject\",\"inLanguage\":\"es\",\"@id\":\"https:\\\/\\\/www.quintavision.cl\\\/portal\\\/#\\\/schema\\\/logo\\\/image\\\/\",\"url\":\"https:\\\/\\\/www.quintavision.cl\\\/portal\\\/wp-content\\\/uploads\\\/2026\\\/01\\\/logon.png\",\"contentUrl\":\"https:\\\/\\\/www.quintavision.cl\\\/portal\\\/wp-content\\\/uploads\\\/2026\\\/01\\\/logon.png\",\"width\":786,\"height\":303,\"caption\":\"Quinta Visi\u00f3n Televisi\u00f3n\"},\"image\":{\"@id\":\"https:\\\/\\\/www.quintavision.cl\\\/portal\\\/#\\\/schema\\\/logo\\\/image\\\/\"},\"sameAs\":[\"https:\\\/\\\/www.facebook.com\\\/quintavision.television\",\"https:\\\/\\\/x.com\\\/quintavision\",\"https:\\\/\\\/www.instagram.com\\\/quintavisiontv\\\/\"]}]}<\/script>\n<!-- \/ Yoast SEO plugin. -->","yoast_head_json":{"title":"Servicios P\u00fablicos - Quinta Visi\u00f3n Televisi\u00f3n","robots":{"index":"index","follow":"follow","max-snippet":"max-snippet:-1","max-image-preview":"max-image-preview:large","max-video-preview":"max-video-preview:-1"},"canonical":"https:\/\/www.quintavision.cl\/portal\/infoweb\/servicios-publicos\/","og_locale":"es_ES","og_type":"article","og_title":"Servicios P\u00fablicos - Quinta Visi\u00f3n Televisi\u00f3n","og_description":"Gobierno Regional Registro Civil Conservador Bienes Ra\u00edces Valpara\u00edso Conservador Bienes Ra\u00edces Vi\u00f1a del Mar Serviu Minvu Servicio de Impuestos Internos Tesorer\u00eda General de la Rep\u00fablica Servicio Nacional del Consumidor INFOWEB Regional, llega a sus hogares gracias al financiamiento del fondo de medios de comunicaci\u00f3n social del Gobierno de Chile.","og_url":"https:\/\/www.quintavision.cl\/portal\/infoweb\/servicios-publicos\/","og_site_name":"Quinta Visi\u00f3n Televisi\u00f3n","article_publisher":"https:\/\/www.facebook.com\/quintavision.television","article_modified_time":"2019-03-04T22:37:49+00:00","og_image":[{"url":"http:\/\/www.quintavision.cl\/portal\/wp-content\/uploads\/2013\/02\/servicios1.jpg","type":"","width":"","height":""}],"twitter_card":"summary_large_image","twitter_site":"@quintavision","schema":{"@context":"https:\/\/schema.org","@graph":[{"@type":"WebPage","@id":"https:\/\/www.quintavision.cl\/portal\/infoweb\/servicios-publicos\/","url":"https:\/\/www.quintavision.cl\/portal\/infoweb\/servicios-publicos\/","name":"Servicios P\u00fablicos - Quinta Visi\u00f3n Televisi\u00f3n","isPartOf":{"@id":"https:\/\/www.quintavision.cl\/portal\/#website"},"primaryImageOfPage":{"@id":"https:\/\/www.quintavision.cl\/portal\/infoweb\/servicios-publicos\/#primaryimage"},"image":{"@id":"https:\/\/www.quintavision.cl\/portal\/infoweb\/servicios-publicos\/#primaryimage"},"thumbnailUrl":"http:\/\/www.quintavision.cl\/portal\/wp-content\/uploads\/2013\/02\/servicios1.jpg","datePublished":"2013-02-13T21:48:30+00:00","dateModified":"2019-03-04T22:37:49+00:00","breadcrumb":{"@id":"https:\/\/www.quintavision.cl\/portal\/infoweb\/servicios-publicos\/#breadcrumb"},"inLanguage":"es","potentialAction":[{"@type":"ReadAction","target":["https:\/\/www.quintavision.cl\/portal\/infoweb\/servicios-publicos\/"]}]},{"@type":"ImageObject","inLanguage":"es","@id":"https:\/\/www.quintavision.cl\/portal\/infoweb\/servicios-publicos\/#primaryimage","url":"https:\/\/www.quintavision.cl\/portal\/wp-content\/uploads\/2013\/02\/servicios1.jpg","contentUrl":"https:\/\/www.quintavision.cl\/portal\/wp-content\/uploads\/2013\/02\/servicios1.jpg","width":630,"height":75},{"@type":"BreadcrumbList","@id":"https:\/\/www.quintavision.cl\/portal\/infoweb\/servicios-publicos\/#breadcrumb","itemListElement":[{"@type":"ListItem","position":1,"name":"Portada","item":"https:\/\/www.quintavision.cl\/portal\/"},{"@type":"ListItem","position":2,"name":"Infoweb","item":"https:\/\/www.quintavision.cl\/portal\/infoweb\/"},{"@type":"ListItem","position":3,"name":"Servicios P\u00fablicos"}]},{"@type":"WebSite","@id":"https:\/\/www.quintavision.cl\/portal\/#website","url":"https:\/\/www.quintavision.cl\/portal\/","name":"Quinta Visi\u00f3n Televisi\u00f3n","description":"Tu voz local","publisher":{"@id":"https:\/\/www.quintavision.cl\/portal\/#organization"},"alternateName":"qv tv","potentialAction":[{"@type":"SearchAction","target":{"@type":"EntryPoint","urlTemplate":"https:\/\/www.quintavision.cl\/portal\/?s={search_term_string}"},"query-input":{"@type":"PropertyValueSpecification","valueRequired":true,"valueName":"search_term_string"}}],"inLanguage":"es"},{"@type":"Organization","@id":"https:\/\/www.quintavision.cl\/portal\/#organization","name":"Quinta Visi\u00f3n Televisi\u00f3n","url":"https:\/\/www.quintavision.cl\/portal\/","logo":{"@type":"ImageObject","inLanguage":"es","@id":"https:\/\/www.quintavision.cl\/portal\/#\/schema\/logo\/image\/","url":"https:\/\/www.quintavision.cl\/portal\/wp-content\/uploads\/2026\/01\/logon.png","contentUrl":"https:\/\/www.quintavision.cl\/portal\/wp-content\/uploads\/2026\/01\/logon.png","width":786,"height":303,"caption":"Quinta Visi\u00f3n Televisi\u00f3n"},"image":{"@id":"https:\/\/www.quintavision.cl\/portal\/#\/schema\/logo\/image\/"},"sameAs":["https:\/\/www.facebook.com\/quintavision.television","https:\/\/x.com\/quintavision","https:\/\/www.instagram.com\/quintavisiontv\/"]}]}},"_links":{"self":[{"href":"https:\/\/www.quintavision.cl\/portal\/wp-json\/wp\/v2\/pages\/38025","targetHints":{"allow":["GET"]}}],"collection":[{"href":"https:\/\/www.quintavision.cl\/portal\/wp-json\/wp\/v2\/pages"}],"about":[{"href":"https:\/\/www.quintavision.cl\/portal\/wp-json\/wp\/v2\/types\/page"}],"author":[{"embeddable":true,"href":"https:\/\/www.quintavision.cl\/portal\/wp-json\/wp\/v2\/users\/2"}],"replies":[{"embeddable":true,"href":"https:\/\/www.quintavision.cl\/portal\/wp-json\/wp\/v2\/comments?post=38025"}],"version-history":[{"count":0,"href":"https:\/\/www.quintavision.cl\/portal\/wp-json\/wp\/v2\/pages\/38025\/revisions"}],"up":[{"embeddable":true,"href":"https:\/\/www.quintavision.cl\/portal\/wp-json\/wp\/v2\/pages\/37967"}],"wp:attachment":[{"href":"https:\/\/www.quintavision.cl\/portal\/wp-json\/wp\/v2\/media?parent=38025"}],"curies":[{"name":"wp","href":"https:\/\/api.w.org\/{rel}","templated":true}]}}