{"id":37967,"date":"2013-02-13T16:55:45","date_gmt":"2013-02-13T19:55:45","guid":{"rendered":"http:\/\/www.quintavision.cl\/portal\/?page_id=37967"},"modified":"2019-03-04T19:37:48","modified_gmt":"2019-03-04T22:37:48","slug":"infoweb","status":"publish","type":"page","link":"https:\/\/www.quintavision.cl\/portal\/infoweb\/","title":{"rendered":"Infoweb"},"content":{"rendered":"<p><img fetchpriority=\"high\" decoding=\"async\" class=\"aligncenter size-full wp-image-37993\" alt=\"infoweb\" src=\"http:\/\/www.quintavision.cl\/portal\/wp-content\/uploads\/2013\/02\/infoweb.jpg\" width=\"630\" height=\"100\" srcset=\"https:\/\/www.quintavision.cl\/portal\/wp-content\/uploads\/2013\/02\/infoweb.jpg 630w, https:\/\/www.quintavision.cl\/portal\/wp-content\/uploads\/2013\/02\/infoweb-300x47.jpg 300w\" sizes=\"(max-width: 630px) 100vw, 630px\" \/><\/p>\n<p style=\"text-align: center;\"><a href=\"http:\/\/www.quintavision.cl\/portal\/infoweb\/municipalidades\/\"><img decoding=\"async\" class=\"aligncenter size-full wp-image-37987\" alt=\"municipalidades\" src=\"http:\/\/www.quintavision.cl\/portal\/wp-content\/uploads\/2013\/02\/municipalidades.jpg\" width=\"630\" height=\"75\" \/><\/a><\/p>\n<p style=\"text-align: center;\"><a href=\"http:\/\/www.quintavision.cl\/portal\/infoweb\/servicios-publicos\/\"><img decoding=\"async\" class=\"aligncenter size-full wp-image-37995\" alt=\"servicios\" src=\"http:\/\/www.quintavision.cl\/portal\/wp-content\/uploads\/2013\/02\/servicios.jpg\" width=\"630\" height=\"75\" srcset=\"https:\/\/www.quintavision.cl\/portal\/wp-content\/uploads\/2013\/02\/servicios.jpg 630w, https:\/\/www.quintavision.cl\/portal\/wp-content\/uploads\/2013\/02\/servicios-300x35.jpg 300w\" sizes=\"(max-width: 630px) 100vw, 630px\" \/><\/a><\/p>\n<p style=\"text-align: center;\"><a href=\"http:\/\/www.quintavision.cl\/portal\/emergencias\/\"><img loading=\"lazy\" decoding=\"async\" class=\"aligncenter size-full wp-image-37996\" alt=\"emergencias\" src=\"http:\/\/www.quintavision.cl\/portal\/wp-content\/uploads\/2013\/02\/emergencias.jpg\" width=\"630\" height=\"75\" srcset=\"https:\/\/www.quintavision.cl\/portal\/wp-content\/uploads\/2013\/02\/emergencias.jpg 630w, https:\/\/www.quintavision.cl\/portal\/wp-content\/uploads\/2013\/02\/emergencias-300x35.jpg 300w\" sizes=\"(max-width: 630px) 100vw, 630px\" \/><\/a><\/p>\n<p><a href=\"http:\/\/www.quintavision.cl\/portal\/infoweb\/servicios-basicos\/\"><img loading=\"lazy\" decoding=\"async\" class=\"aligncenter size-full wp-image-38073\" alt=\"serv_basicos\" src=\"http:\/\/www.quintavision.cl\/portal\/wp-content\/uploads\/2013\/02\/serv_basicos.jpg\" width=\"630\" height=\"75\" srcset=\"https:\/\/www.quintavision.cl\/portal\/wp-content\/uploads\/2013\/02\/serv_basicos.jpg 630w, https:\/\/www.quintavision.cl\/portal\/wp-content\/uploads\/2013\/02\/serv_basicos-300x35.jpg 300w\" sizes=\"(max-width: 630px) 100vw, 630px\" \/><\/a><\/p>\n<p style=\"text-align: center;\">INFOWEB Regional, llega a sus hogares gracias al financiamiento del fondo de medios de comunicaci\u00f3n social del Gobierno de Chile.<\/p>\n<p style=\"text-align: center;\"><a href=\"http:\/\/www.gobiernodechile.cl\/\" target=\"_blank\" rel=\"noopener noreferrer\"><img loading=\"lazy\" decoding=\"async\" class=\"size-full wp-image-38475 aligncenter\" alt=\"logo_min\" src=\"http:\/\/www.quintavision.cl\/portal\/wp-content\/uploads\/2013\/02\/logo_min.jpg\" width=\"163\" height=\"148\" \/><\/a><\/p>\n","protected":false},"excerpt":{"rendered":"<p>INFOWEB Regional, llega a sus hogares gracias al financiamiento del fondo de medios de comunicaci\u00f3n social del Gobierno de Chile.<\/p>\n","protected":false},"author":2,"featured_media":0,"parent":0,"menu_order":11,"comment_status":"closed","ping_status":"closed","template":"page-full.php","meta":{"footnotes":""},"class_list":["post-37967","page","type-page","status-publish","hentry"],"yoast_head":"<!-- This site is optimized with the Yoast SEO plugin v27.5 - https:\/\/yoast.com\/product\/yoast-seo-wordpress\/ -->\n<title>Infoweb - Quinta Visi\u00f3n Televisi\u00f3n<\/title>\n<meta name=\"robots\" content=\"index, follow, max-snippet:-1, max-image-preview:large, max-video-preview:-1\" \/>\n<link rel=\"canonical\" href=\"https:\/\/www.quintavision.cl\/portal\/infoweb\/\" \/>\n<meta property=\"og:locale\" content=\"es_ES\" \/>\n<meta property=\"og:type\" content=\"article\" \/>\n<meta property=\"og:title\" content=\"Infoweb - Quinta Visi\u00f3n Televisi\u00f3n\" \/>\n<meta property=\"og:description\" content=\"INFOWEB Regional, llega a sus hogares gracias al financiamiento del fondo de medios de comunicaci\u00f3n social del Gobierno de Chile.\" \/>\n<meta property=\"og:url\" content=\"https:\/\/www.quintavision.cl\/portal\/infoweb\/\" \/>\n<meta property=\"og:site_name\" content=\"Quinta Visi\u00f3n Televisi\u00f3n\" \/>\n<meta property=\"article:publisher\" content=\"https:\/\/www.facebook.com\/quintavision.television\" \/>\n<meta property=\"article:modified_time\" content=\"2019-03-04T22:37:48+00:00\" \/>\n<meta property=\"og:image\" content=\"http:\/\/www.quintavision.cl\/portal\/wp-content\/uploads\/2013\/02\/infoweb.jpg\" \/>\n<meta name=\"twitter:card\" content=\"summary_large_image\" \/>\n<meta name=\"twitter:site\" content=\"@quintavision\" \/>\n<script type=\"application\/ld+json\" class=\"yoast-schema-graph\">{\"@context\":\"https:\\\/\\\/schema.org\",\"@graph\":[{\"@type\":\"WebPage\",\"@id\":\"https:\\\/\\\/www.quintavision.cl\\\/portal\\\/infoweb\\\/\",\"url\":\"https:\\\/\\\/www.quintavision.cl\\\/portal\\\/infoweb\\\/\",\"name\":\"Infoweb - Quinta Visi\u00f3n Televisi\u00f3n\",\"isPartOf\":{\"@id\":\"https:\\\/\\\/www.quintavision.cl\\\/portal\\\/#website\"},\"primaryImageOfPage\":{\"@id\":\"https:\\\/\\\/www.quintavision.cl\\\/portal\\\/infoweb\\\/#primaryimage\"},\"image\":{\"@id\":\"https:\\\/\\\/www.quintavision.cl\\\/portal\\\/infoweb\\\/#primaryimage\"},\"thumbnailUrl\":\"http:\\\/\\\/www.quintavision.cl\\\/portal\\\/wp-content\\\/uploads\\\/2013\\\/02\\\/infoweb.jpg\",\"datePublished\":\"2013-02-13T19:55:45+00:00\",\"dateModified\":\"2019-03-04T22:37:48+00:00\",\"breadcrumb\":{\"@id\":\"https:\\\/\\\/www.quintavision.cl\\\/portal\\\/infoweb\\\/#breadcrumb\"},\"inLanguage\":\"es\",\"potentialAction\":[{\"@type\":\"ReadAction\",\"target\":[\"https:\\\/\\\/www.quintavision.cl\\\/portal\\\/infoweb\\\/\"]}]},{\"@type\":\"ImageObject\",\"inLanguage\":\"es\",\"@id\":\"https:\\\/\\\/www.quintavision.cl\\\/portal\\\/infoweb\\\/#primaryimage\",\"url\":\"https:\\\/\\\/www.quintavision.cl\\\/portal\\\/wp-content\\\/uploads\\\/2013\\\/02\\\/infoweb.jpg\",\"contentUrl\":\"https:\\\/\\\/www.quintavision.cl\\\/portal\\\/wp-content\\\/uploads\\\/2013\\\/02\\\/infoweb.jpg\",\"width\":630,\"height\":100},{\"@type\":\"BreadcrumbList\",\"@id\":\"https:\\\/\\\/www.quintavision.cl\\\/portal\\\/infoweb\\\/#breadcrumb\",\"itemListElement\":[{\"@type\":\"ListItem\",\"position\":1,\"name\":\"Portada\",\"item\":\"https:\\\/\\\/www.quintavision.cl\\\/portal\\\/\"},{\"@type\":\"ListItem\",\"position\":2,\"name\":\"Infoweb\"}]},{\"@type\":\"WebSite\",\"@id\":\"https:\\\/\\\/www.quintavision.cl\\\/portal\\\/#website\",\"url\":\"https:\\\/\\\/www.quintavision.cl\\\/portal\\\/\",\"name\":\"Quinta Visi\u00f3n Televisi\u00f3n\",\"description\":\"Tu voz local\",\"publisher\":{\"@id\":\"https:\\\/\\\/www.quintavision.cl\\\/portal\\\/#organization\"},\"alternateName\":\"qv tv\",\"potentialAction\":[{\"@type\":\"SearchAction\",\"target\":{\"@type\":\"EntryPoint\",\"urlTemplate\":\"https:\\\/\\\/www.quintavision.cl\\\/portal\\\/?s={search_term_string}\"},\"query-input\":{\"@type\":\"PropertyValueSpecification\",\"valueRequired\":true,\"valueName\":\"search_term_string\"}}],\"inLanguage\":\"es\"},{\"@type\":\"Organization\",\"@id\":\"https:\\\/\\\/www.quintavision.cl\\\/portal\\\/#organization\",\"name\":\"Quinta Visi\u00f3n Televisi\u00f3n\",\"url\":\"https:\\\/\\\/www.quintavision.cl\\\/portal\\\/\",\"logo\":{\"@type\":\"ImageObject\",\"inLanguage\":\"es\",\"@id\":\"https:\\\/\\\/www.quintavision.cl\\\/portal\\\/#\\\/schema\\\/logo\\\/image\\\/\",\"url\":\"https:\\\/\\\/www.quintavision.cl\\\/portal\\\/wp-content\\\/uploads\\\/2026\\\/01\\\/logon.png\",\"contentUrl\":\"https:\\\/\\\/www.quintavision.cl\\\/portal\\\/wp-content\\\/uploads\\\/2026\\\/01\\\/logon.png\",\"width\":786,\"height\":303,\"caption\":\"Quinta Visi\u00f3n Televisi\u00f3n\"},\"image\":{\"@id\":\"https:\\\/\\\/www.quintavision.cl\\\/portal\\\/#\\\/schema\\\/logo\\\/image\\\/\"},\"sameAs\":[\"https:\\\/\\\/www.facebook.com\\\/quintavision.television\",\"https:\\\/\\\/x.com\\\/quintavision\",\"https:\\\/\\\/www.instagram.com\\\/quintavisiontv\\\/\"]}]}<\/script>\n<!-- \/ Yoast SEO plugin. -->","yoast_head_json":{"title":"Infoweb - Quinta Visi\u00f3n Televisi\u00f3n","robots":{"index":"index","follow":"follow","max-snippet":"max-snippet:-1","max-image-preview":"max-image-preview:large","max-video-preview":"max-video-preview:-1"},"canonical":"https:\/\/www.quintavision.cl\/portal\/infoweb\/","og_locale":"es_ES","og_type":"article","og_title":"Infoweb - Quinta Visi\u00f3n Televisi\u00f3n","og_description":"INFOWEB Regional, llega a sus hogares gracias al financiamiento del fondo de medios de comunicaci\u00f3n social del Gobierno de Chile.","og_url":"https:\/\/www.quintavision.cl\/portal\/infoweb\/","og_site_name":"Quinta Visi\u00f3n Televisi\u00f3n","article_publisher":"https:\/\/www.facebook.com\/quintavision.television","article_modified_time":"2019-03-04T22:37:48+00:00","og_image":[{"url":"http:\/\/www.quintavision.cl\/portal\/wp-content\/uploads\/2013\/02\/infoweb.jpg","type":"","width":"","height":""}],"twitter_card":"summary_large_image","twitter_site":"@quintavision","schema":{"@context":"https:\/\/schema.org","@graph":[{"@type":"WebPage","@id":"https:\/\/www.quintavision.cl\/portal\/infoweb\/","url":"https:\/\/www.quintavision.cl\/portal\/infoweb\/","name":"Infoweb - Quinta Visi\u00f3n Televisi\u00f3n","isPartOf":{"@id":"https:\/\/www.quintavision.cl\/portal\/#website"},"primaryImageOfPage":{"@id":"https:\/\/www.quintavision.cl\/portal\/infoweb\/#primaryimage"},"image":{"@id":"https:\/\/www.quintavision.cl\/portal\/infoweb\/#primaryimage"},"thumbnailUrl":"http:\/\/www.quintavision.cl\/portal\/wp-content\/uploads\/2013\/02\/infoweb.jpg","datePublished":"2013-02-13T19:55:45+00:00","dateModified":"2019-03-04T22:37:48+00:00","breadcrumb":{"@id":"https:\/\/www.quintavision.cl\/portal\/infoweb\/#breadcrumb"},"inLanguage":"es","potentialAction":[{"@type":"ReadAction","target":["https:\/\/www.quintavision.cl\/portal\/infoweb\/"]}]},{"@type":"ImageObject","inLanguage":"es","@id":"https:\/\/www.quintavision.cl\/portal\/infoweb\/#primaryimage","url":"https:\/\/www.quintavision.cl\/portal\/wp-content\/uploads\/2013\/02\/infoweb.jpg","contentUrl":"https:\/\/www.quintavision.cl\/portal\/wp-content\/uploads\/2013\/02\/infoweb.jpg","width":630,"height":100},{"@type":"BreadcrumbList","@id":"https:\/\/www.quintavision.cl\/portal\/infoweb\/#breadcrumb","itemListElement":[{"@type":"ListItem","position":1,"name":"Portada","item":"https:\/\/www.quintavision.cl\/portal\/"},{"@type":"ListItem","position":2,"name":"Infoweb"}]},{"@type":"WebSite","@id":"https:\/\/www.quintavision.cl\/portal\/#website","url":"https:\/\/www.quintavision.cl\/portal\/","name":"Quinta Visi\u00f3n Televisi\u00f3n","description":"Tu voz local","publisher":{"@id":"https:\/\/www.quintavision.cl\/portal\/#organization"},"alternateName":"qv tv","potentialAction":[{"@type":"SearchAction","target":{"@type":"EntryPoint","urlTemplate":"https:\/\/www.quintavision.cl\/portal\/?s={search_term_string}"},"query-input":{"@type":"PropertyValueSpecification","valueRequired":true,"valueName":"search_term_string"}}],"inLanguage":"es"},{"@type":"Organization","@id":"https:\/\/www.quintavision.cl\/portal\/#organization","name":"Quinta Visi\u00f3n Televisi\u00f3n","url":"https:\/\/www.quintavision.cl\/portal\/","logo":{"@type":"ImageObject","inLanguage":"es","@id":"https:\/\/www.quintavision.cl\/portal\/#\/schema\/logo\/image\/","url":"https:\/\/www.quintavision.cl\/portal\/wp-content\/uploads\/2026\/01\/logon.png","contentUrl":"https:\/\/www.quintavision.cl\/portal\/wp-content\/uploads\/2026\/01\/logon.png","width":786,"height":303,"caption":"Quinta Visi\u00f3n Televisi\u00f3n"},"image":{"@id":"https:\/\/www.quintavision.cl\/portal\/#\/schema\/logo\/image\/"},"sameAs":["https:\/\/www.facebook.com\/quintavision.television","https:\/\/x.com\/quintavision","https:\/\/www.instagram.com\/quintavisiontv\/"]}]}},"_links":{"self":[{"href":"https:\/\/www.quintavision.cl\/portal\/wp-json\/wp\/v2\/pages\/37967","targetHints":{"allow":["GET"]}}],"collection":[{"href":"https:\/\/www.quintavision.cl\/portal\/wp-json\/wp\/v2\/pages"}],"about":[{"href":"https:\/\/www.quintavision.cl\/portal\/wp-json\/wp\/v2\/types\/page"}],"author":[{"embeddable":true,"href":"https:\/\/www.quintavision.cl\/portal\/wp-json\/wp\/v2\/users\/2"}],"replies":[{"embeddable":true,"href":"https:\/\/www.quintavision.cl\/portal\/wp-json\/wp\/v2\/comments?post=37967"}],"version-history":[{"count":0,"href":"https:\/\/www.quintavision.cl\/portal\/wp-json\/wp\/v2\/pages\/37967\/revisions"}],"wp:attachment":[{"href":"https:\/\/www.quintavision.cl\/portal\/wp-json\/wp\/v2\/media?parent=37967"}],"curies":[{"name":"wp","href":"https:\/\/api.w.org\/{rel}","templated":true}]}}