{"id":13678,"date":"2010-05-23T20:04:35","date_gmt":"2010-05-24T00:04:35","guid":{"rendered":"http:\/\/www.quintavision.cl\/portal\/?page_id=13678"},"modified":"2019-03-04T19:37:27","modified_gmt":"2019-03-04T22:37:27","slug":"ubicacion","status":"publish","type":"page","link":"https:\/\/www.quintavision.cl\/portal\/corporativo\/ubicacion\/","title":{"rendered":"Ubicaci\u00f3n"},"content":{"rendered":"<p><strong>\u00bf D\u00f3nde estamos ?<br \/>\n<\/strong><\/p>\n<p>Quinta Visi\u00f3n tiene su sede central en la calle 5 Poniente N\u00ba146 casa C, Vi\u00f1a del Mar, Chile, donde cuenta con amplias instalaciones, con los m\u00e1s avanzados medios t\u00e9cnicos para la producci\u00f3n y emisi\u00f3n de televisi\u00f3n. En el terreno televisivo, el canal cuenta con estudios, salas de post-producci\u00f3n, unidades de direcci\u00f3n, m\u00f3viles y un sistema integrado de noticias que permite la producci\u00f3n digital automatizada de los informativos. En cuanto a los estudios centrales se cuenta con nuevas instalaciones completamente renovadas y que incorporan las m\u00e1s avanzadas t\u00e9cnicas de televisi\u00f3n.<\/p>\n<div align=\"center\"><iframe width=\"425\" height=\"350\" frameborder=\"0\" scrolling=\"no\" marginheight=\"0\" marginwidth=\"0\" src=\"http:\/\/maps.google.cl\/maps?q=-33.020293,-71.557065&amp;num=1&amp;t=h&amp;sll=-33.020034,-71.55737&amp;sspn=0.006295,0.006295&amp;ie=UTF8&amp;ll=-33.020303,-71.557028&amp;spn=0.001263,0.002064&amp;z=14&amp;iwloc=A&amp;output=embed\"><\/iframe><br \/><small><a href=\"http:\/\/maps.google.cl\/maps?q=-33.020293,-71.557065&amp;num=1&amp;t=h&amp;sll=-33.020034,-71.55737&amp;sspn=0.006295,0.006295&amp;ie=UTF8&amp;ll=-33.020303,-71.557028&amp;spn=0.001263,0.002064&amp;z=14&amp;iwloc=A&amp;source=embed\" style=\"color:#0000FF;text-align:left\">Ver mapa m\u00e1s grande<\/a><\/small><\/div>\n","protected":false},"excerpt":{"rendered":"<p>\u00bf D\u00f3nde estamos ? Quinta Visi\u00f3n tiene su sede central en la calle 5 Poniente N\u00ba146 casa C, Vi\u00f1a del Mar, Chile, donde cuenta con amplias instalaciones, con los m\u00e1s avanzados medios t\u00e9cnicos para la producci\u00f3n y emisi\u00f3n de televisi\u00f3n. En el terreno televisivo, el canal cuenta con estudios, salas de post-producci\u00f3n, unidades de direcci\u00f3n, [&hellip;]<\/p>\n","protected":false},"author":2,"featured_media":0,"parent":488,"menu_order":3,"comment_status":"closed","ping_status":"closed","template":"","meta":{"footnotes":""},"class_list":["post-13678","page","type-page","status-publish","hentry"],"yoast_head":"<!-- This site is optimized with the Yoast SEO plugin v27.5 - https:\/\/yoast.com\/product\/yoast-seo-wordpress\/ -->\n<title>Ubicaci\u00f3n - Quinta Visi\u00f3n Televisi\u00f3n<\/title>\n<meta name=\"robots\" content=\"index, follow, max-snippet:-1, max-image-preview:large, max-video-preview:-1\" \/>\n<link rel=\"canonical\" href=\"https:\/\/www.quintavision.cl\/portal\/corporativo\/ubicacion\/\" \/>\n<meta property=\"og:locale\" content=\"es_ES\" \/>\n<meta property=\"og:type\" content=\"article\" \/>\n<meta property=\"og:title\" content=\"Ubicaci\u00f3n - Quinta Visi\u00f3n Televisi\u00f3n\" \/>\n<meta property=\"og:description\" content=\"\u00bf D\u00f3nde estamos ? Quinta Visi\u00f3n tiene su sede central en la calle 5 Poniente N\u00ba146 casa C, Vi\u00f1a del Mar, Chile, donde cuenta con amplias instalaciones, con los m\u00e1s avanzados medios t\u00e9cnicos para la producci\u00f3n y emisi\u00f3n de televisi\u00f3n. En el terreno televisivo, el canal cuenta con estudios, salas de post-producci\u00f3n, unidades de direcci\u00f3n, [&hellip;]\" \/>\n<meta property=\"og:url\" content=\"https:\/\/www.quintavision.cl\/portal\/corporativo\/ubicacion\/\" \/>\n<meta property=\"og:site_name\" content=\"Quinta Visi\u00f3n Televisi\u00f3n\" \/>\n<meta property=\"article:publisher\" content=\"https:\/\/www.facebook.com\/quintavision.television\" \/>\n<meta property=\"article:modified_time\" content=\"2019-03-04T22:37:27+00:00\" \/>\n<meta property=\"og:image\" content=\"https:\/\/www.quintavision.cl\/portal\/wp-content\/uploads\/2020\/05\/logo.gif\" \/>\n\t<meta property=\"og:image:width\" content=\"400\" \/>\n\t<meta property=\"og:image:height\" content=\"110\" \/>\n\t<meta property=\"og:image:type\" content=\"image\/gif\" \/>\n<meta name=\"twitter:card\" content=\"summary_large_image\" \/>\n<meta name=\"twitter:site\" content=\"@quintavision\" \/>\n<meta name=\"twitter:label1\" content=\"Tiempo de lectura\" \/>\n\t<meta name=\"twitter:data1\" content=\"1 minuto\" \/>\n<script type=\"application\/ld+json\" class=\"yoast-schema-graph\">{\"@context\":\"https:\\\/\\\/schema.org\",\"@graph\":[{\"@type\":\"WebPage\",\"@id\":\"https:\\\/\\\/www.quintavision.cl\\\/portal\\\/corporativo\\\/ubicacion\\\/\",\"url\":\"https:\\\/\\\/www.quintavision.cl\\\/portal\\\/corporativo\\\/ubicacion\\\/\",\"name\":\"Ubicaci\u00f3n - Quinta Visi\u00f3n Televisi\u00f3n\",\"isPartOf\":{\"@id\":\"https:\\\/\\\/www.quintavision.cl\\\/portal\\\/#website\"},\"datePublished\":\"2010-05-24T00:04:35+00:00\",\"dateModified\":\"2019-03-04T22:37:27+00:00\",\"breadcrumb\":{\"@id\":\"https:\\\/\\\/www.quintavision.cl\\\/portal\\\/corporativo\\\/ubicacion\\\/#breadcrumb\"},\"inLanguage\":\"es\",\"potentialAction\":[{\"@type\":\"ReadAction\",\"target\":[\"https:\\\/\\\/www.quintavision.cl\\\/portal\\\/corporativo\\\/ubicacion\\\/\"]}]},{\"@type\":\"BreadcrumbList\",\"@id\":\"https:\\\/\\\/www.quintavision.cl\\\/portal\\\/corporativo\\\/ubicacion\\\/#breadcrumb\",\"itemListElement\":[{\"@type\":\"ListItem\",\"position\":1,\"name\":\"Portada\",\"item\":\"https:\\\/\\\/www.quintavision.cl\\\/portal\\\/\"},{\"@type\":\"ListItem\",\"position\":2,\"name\":\"Corporativo\",\"item\":\"https:\\\/\\\/www.quintavision.cl\\\/portal\\\/corporativo\\\/\"},{\"@type\":\"ListItem\",\"position\":3,\"name\":\"Ubicaci\u00f3n\"}]},{\"@type\":\"WebSite\",\"@id\":\"https:\\\/\\\/www.quintavision.cl\\\/portal\\\/#website\",\"url\":\"https:\\\/\\\/www.quintavision.cl\\\/portal\\\/\",\"name\":\"Quinta Visi\u00f3n Televisi\u00f3n\",\"description\":\"Tu voz local\",\"publisher\":{\"@id\":\"https:\\\/\\\/www.quintavision.cl\\\/portal\\\/#organization\"},\"alternateName\":\"qv tv\",\"potentialAction\":[{\"@type\":\"SearchAction\",\"target\":{\"@type\":\"EntryPoint\",\"urlTemplate\":\"https:\\\/\\\/www.quintavision.cl\\\/portal\\\/?s={search_term_string}\"},\"query-input\":{\"@type\":\"PropertyValueSpecification\",\"valueRequired\":true,\"valueName\":\"search_term_string\"}}],\"inLanguage\":\"es\"},{\"@type\":\"Organization\",\"@id\":\"https:\\\/\\\/www.quintavision.cl\\\/portal\\\/#organization\",\"name\":\"Quinta Visi\u00f3n Televisi\u00f3n\",\"url\":\"https:\\\/\\\/www.quintavision.cl\\\/portal\\\/\",\"logo\":{\"@type\":\"ImageObject\",\"inLanguage\":\"es\",\"@id\":\"https:\\\/\\\/www.quintavision.cl\\\/portal\\\/#\\\/schema\\\/logo\\\/image\\\/\",\"url\":\"https:\\\/\\\/www.quintavision.cl\\\/portal\\\/wp-content\\\/uploads\\\/2026\\\/01\\\/logon.png\",\"contentUrl\":\"https:\\\/\\\/www.quintavision.cl\\\/portal\\\/wp-content\\\/uploads\\\/2026\\\/01\\\/logon.png\",\"width\":786,\"height\":303,\"caption\":\"Quinta Visi\u00f3n Televisi\u00f3n\"},\"image\":{\"@id\":\"https:\\\/\\\/www.quintavision.cl\\\/portal\\\/#\\\/schema\\\/logo\\\/image\\\/\"},\"sameAs\":[\"https:\\\/\\\/www.facebook.com\\\/quintavision.television\",\"https:\\\/\\\/x.com\\\/quintavision\",\"https:\\\/\\\/www.instagram.com\\\/quintavisiontv\\\/\"]}]}<\/script>\n<!-- \/ Yoast SEO plugin. -->","yoast_head_json":{"title":"Ubicaci\u00f3n - Quinta Visi\u00f3n Televisi\u00f3n","robots":{"index":"index","follow":"follow","max-snippet":"max-snippet:-1","max-image-preview":"max-image-preview:large","max-video-preview":"max-video-preview:-1"},"canonical":"https:\/\/www.quintavision.cl\/portal\/corporativo\/ubicacion\/","og_locale":"es_ES","og_type":"article","og_title":"Ubicaci\u00f3n - Quinta Visi\u00f3n Televisi\u00f3n","og_description":"\u00bf D\u00f3nde estamos ? Quinta Visi\u00f3n tiene su sede central en la calle 5 Poniente N\u00ba146 casa C, Vi\u00f1a del Mar, Chile, donde cuenta con amplias instalaciones, con los m\u00e1s avanzados medios t\u00e9cnicos para la producci\u00f3n y emisi\u00f3n de televisi\u00f3n. En el terreno televisivo, el canal cuenta con estudios, salas de post-producci\u00f3n, unidades de direcci\u00f3n, [&hellip;]","og_url":"https:\/\/www.quintavision.cl\/portal\/corporativo\/ubicacion\/","og_site_name":"Quinta Visi\u00f3n Televisi\u00f3n","article_publisher":"https:\/\/www.facebook.com\/quintavision.television","article_modified_time":"2019-03-04T22:37:27+00:00","og_image":[{"width":400,"height":110,"url":"https:\/\/www.quintavision.cl\/portal\/wp-content\/uploads\/2020\/05\/logo.gif","type":"image\/gif"}],"twitter_card":"summary_large_image","twitter_site":"@quintavision","twitter_misc":{"Tiempo de lectura":"1 minuto"},"schema":{"@context":"https:\/\/schema.org","@graph":[{"@type":"WebPage","@id":"https:\/\/www.quintavision.cl\/portal\/corporativo\/ubicacion\/","url":"https:\/\/www.quintavision.cl\/portal\/corporativo\/ubicacion\/","name":"Ubicaci\u00f3n - Quinta Visi\u00f3n Televisi\u00f3n","isPartOf":{"@id":"https:\/\/www.quintavision.cl\/portal\/#website"},"datePublished":"2010-05-24T00:04:35+00:00","dateModified":"2019-03-04T22:37:27+00:00","breadcrumb":{"@id":"https:\/\/www.quintavision.cl\/portal\/corporativo\/ubicacion\/#breadcrumb"},"inLanguage":"es","potentialAction":[{"@type":"ReadAction","target":["https:\/\/www.quintavision.cl\/portal\/corporativo\/ubicacion\/"]}]},{"@type":"BreadcrumbList","@id":"https:\/\/www.quintavision.cl\/portal\/corporativo\/ubicacion\/#breadcrumb","itemListElement":[{"@type":"ListItem","position":1,"name":"Portada","item":"https:\/\/www.quintavision.cl\/portal\/"},{"@type":"ListItem","position":2,"name":"Corporativo","item":"https:\/\/www.quintavision.cl\/portal\/corporativo\/"},{"@type":"ListItem","position":3,"name":"Ubicaci\u00f3n"}]},{"@type":"WebSite","@id":"https:\/\/www.quintavision.cl\/portal\/#website","url":"https:\/\/www.quintavision.cl\/portal\/","name":"Quinta Visi\u00f3n Televisi\u00f3n","description":"Tu voz local","publisher":{"@id":"https:\/\/www.quintavision.cl\/portal\/#organization"},"alternateName":"qv tv","potentialAction":[{"@type":"SearchAction","target":{"@type":"EntryPoint","urlTemplate":"https:\/\/www.quintavision.cl\/portal\/?s={search_term_string}"},"query-input":{"@type":"PropertyValueSpecification","valueRequired":true,"valueName":"search_term_string"}}],"inLanguage":"es"},{"@type":"Organization","@id":"https:\/\/www.quintavision.cl\/portal\/#organization","name":"Quinta Visi\u00f3n Televisi\u00f3n","url":"https:\/\/www.quintavision.cl\/portal\/","logo":{"@type":"ImageObject","inLanguage":"es","@id":"https:\/\/www.quintavision.cl\/portal\/#\/schema\/logo\/image\/","url":"https:\/\/www.quintavision.cl\/portal\/wp-content\/uploads\/2026\/01\/logon.png","contentUrl":"https:\/\/www.quintavision.cl\/portal\/wp-content\/uploads\/2026\/01\/logon.png","width":786,"height":303,"caption":"Quinta Visi\u00f3n Televisi\u00f3n"},"image":{"@id":"https:\/\/www.quintavision.cl\/portal\/#\/schema\/logo\/image\/"},"sameAs":["https:\/\/www.facebook.com\/quintavision.television","https:\/\/x.com\/quintavision","https:\/\/www.instagram.com\/quintavisiontv\/"]}]}},"_links":{"self":[{"href":"https:\/\/www.quintavision.cl\/portal\/wp-json\/wp\/v2\/pages\/13678","targetHints":{"allow":["GET"]}}],"collection":[{"href":"https:\/\/www.quintavision.cl\/portal\/wp-json\/wp\/v2\/pages"}],"about":[{"href":"https:\/\/www.quintavision.cl\/portal\/wp-json\/wp\/v2\/types\/page"}],"author":[{"embeddable":true,"href":"https:\/\/www.quintavision.cl\/portal\/wp-json\/wp\/v2\/users\/2"}],"replies":[{"embeddable":true,"href":"https:\/\/www.quintavision.cl\/portal\/wp-json\/wp\/v2\/comments?post=13678"}],"version-history":[{"count":0,"href":"https:\/\/www.quintavision.cl\/portal\/wp-json\/wp\/v2\/pages\/13678\/revisions"}],"up":[{"embeddable":true,"href":"https:\/\/www.quintavision.cl\/portal\/wp-json\/wp\/v2\/pages\/488"}],"wp:attachment":[{"href":"https:\/\/www.quintavision.cl\/portal\/wp-json\/wp\/v2\/media?parent=13678"}],"curies":[{"name":"wp","href":"https:\/\/api.w.org\/{rel}","templated":true}]}}